{"id":13695,"date":"2021-07-22T14:50:17","date_gmt":"2021-07-22T14:50:17","guid":{"rendered":"https:\/\/wordpress.exergia.de\/?post_type=product&#038;p=13695"},"modified":"2024-02-06T13:41:36","modified_gmt":"2024-02-06T13:41:36","slug":"heatmobile2-0kit","status":"publish","type":"product","link":"https:\/\/www.exergia.de\/english\/product\/heatmobile2-0kit\/","title":{"rendered":"HEATMOBILE Kit"},"content":{"rendered":"<p>Die Idee f\u00fcr das Heatmobile geht zur\u00fcck auf Ronald H. Smith, Frederick E. Wang, A. D. Johnson und anderen. Die Funktion basiert auf dem sogenannten Memory-Effekt (Ged\u00e4chtnis-Effekt), den einige Metall-Legierung wie zum Beispiel Nitinol (Legierung aus ~50% Nickel, ~50% Titan) zeigen. Durch W\u00e4rmebehandlung (ca. 600\u00b0 C) und einen entsprechenden Formgebungs-Prozess kann dem Material eine vorgegebene Form aufgepr\u00e4gt werden. Wird ein so behandeltes Material auf eine charakteristische \u00dcbergangstemperatur (bei dieser Anwendung ca. 50\u00b0 C bis 60\u00b0 C) erw\u00e4rmt, nimmt es spontan diese aufgepr\u00e4gte Form wieder ein: die Legierung erinnert sich. Unterhalb dieser Temperatur ist die Legierung plastisch verformbar. Die Kraftentwicklung beim Einnehmen der aufgepr\u00e4gten Form (Erw\u00e4rmung) ist wesentlich gr\u00f6sser als die aufzubringende Kraft im Fall der plastischen Verformung (Abk\u00fchlung). Heatmobile besteht aus einer geschlossenen Nitinol Draht-Schlaufe, die durch zyklische Erw\u00e4rmung in heissem Wasser und Abk\u00fchlung in der Umgebungsluft die beiden R\u00e4der antreibt.<\/p>","protected":false},"excerpt":{"rendered":"<p>Memory wire motor powered by hot water - Kit<\/p>","protected":false},"featured_media":18169,"template":"","meta":{"site-sidebar-layout":"default","site-content-layout":"default","ast-site-content-layout":"","site-content-style":"default","site-sidebar-style":"default","ast-global-header-display":"","ast-banner-title-visibility":"","ast-main-header-display":"","ast-hfb-above-header-display":"","ast-hfb-below-header-display":"","ast-hfb-mobile-header-display":"","site-post-title":"","ast-breadcrumbs-content":"","ast-featured-img":"","footer-sml-layout":"","theme-transparent-header-meta":"default","adv-header-id-meta":"","stick-header-meta":"","header-above-stick-meta":"","header-main-stick-meta":"","header-below-stick-meta":"","astra-migrate-meta-layouts":""},"product_brand":[],"product_cat":[15,79],"product_tag":[],"class_list":{"0":"post-13695","1":"product","2":"type-product","3":"status-publish","4":"has-post-thumbnail","6":"product_cat-alle","7":"product_cat-energieumwandlung","8":"desktop-align-left","9":"tablet-align-left","10":"mobile-align-left","12":"first","13":"outofstock","14":"taxable","15":"shipping-taxable","16":"purchasable","17":"product-type-simple"},"yoast_head":"<!-- This site is optimized with the Yoast SEO plugin v26.6 - https:\/\/yoast.com\/wordpress\/plugins\/seo\/ -->\n<title>HEATMOBILE Kit - exergia<\/title>\n<meta name=\"robots\" content=\"index, follow, max-snippet:-1, max-image-preview:large, max-video-preview:-1\" \/>\n<link rel=\"canonical\" href=\"https:\/\/www.exergia.de\/english\/product\/heatmobile2-0kit\/\" \/>\n<meta property=\"og:locale\" content=\"en_GB\" \/>\n<meta property=\"og:type\" content=\"article\" \/>\n<meta property=\"og:title\" content=\"HEATMOBILE Kit - exergia\" \/>\n<meta property=\"og:description\" content=\"Ged\u00e4chtnisdraht-Motor angetrieben von hei\u00dfem Wasser - Bausatz\" \/>\n<meta property=\"og:url\" content=\"https:\/\/www.exergia.de\/english\/product\/heatmobile2-0kit\/\" \/>\n<meta property=\"og:site_name\" content=\"exergia\" \/>\n<meta property=\"article:publisher\" content=\"https:\/\/www.facebook.com\/exergiadotde\" \/>\n<meta property=\"article:modified_time\" content=\"2024-02-06T13:41:36+00:00\" \/>\n<meta property=\"og:image\" content=\"https:\/\/www.exergia.de\/wp-content\/uploads\/2021\/07\/Extraordinary.Engines.Heatmobile2.0Kit-600x800-1.jpg\" \/>\n\t<meta property=\"og:image:width\" content=\"600\" \/>\n\t<meta property=\"og:image:height\" content=\"800\" \/>\n\t<meta property=\"og:image:type\" content=\"image\/jpeg\" \/>\n<meta name=\"twitter:card\" content=\"summary_large_image\" \/>\n<meta name=\"twitter:label1\" content=\"Estimated reading time\" \/>\n\t<meta name=\"twitter:data1\" content=\"1 minute\" \/>\n<script type=\"application\/ld+json\" class=\"yoast-schema-graph\">{\"@context\":\"https:\/\/schema.org\",\"@graph\":[{\"@type\":\"WebPage\",\"@id\":\"https:\/\/www.exergia.de\/product\/heatmobile2-0kit\/\",\"url\":\"https:\/\/www.exergia.de\/product\/heatmobile2-0kit\/\",\"name\":\"HEATMOBILE Kit - exergia\",\"isPartOf\":{\"@id\":\"https:\/\/www.exergia.de\/#website\"},\"primaryImageOfPage\":{\"@id\":\"https:\/\/www.exergia.de\/product\/heatmobile2-0kit\/#primaryimage\"},\"image\":{\"@id\":\"https:\/\/www.exergia.de\/product\/heatmobile2-0kit\/#primaryimage\"},\"thumbnailUrl\":\"https:\/\/www.exergia.de\/wp-content\/uploads\/2021\/07\/Extraordinary.Engines.Heatmobile2.0Kit-600x800-1.jpg\",\"datePublished\":\"2021-07-22T14:50:17+00:00\",\"dateModified\":\"2024-02-06T13:41:36+00:00\",\"breadcrumb\":{\"@id\":\"https:\/\/www.exergia.de\/product\/heatmobile2-0kit\/#breadcrumb\"},\"inLanguage\":\"en-GB\",\"potentialAction\":[{\"@type\":\"ReadAction\",\"target\":[\"https:\/\/www.exergia.de\/product\/heatmobile2-0kit\/\"]}]},{\"@type\":\"ImageObject\",\"inLanguage\":\"en-GB\",\"@id\":\"https:\/\/www.exergia.de\/product\/heatmobile2-0kit\/#primaryimage\",\"url\":\"https:\/\/www.exergia.de\/wp-content\/uploads\/2021\/07\/Extraordinary.Engines.Heatmobile2.0Kit-600x800-1.jpg\",\"contentUrl\":\"https:\/\/www.exergia.de\/wp-content\/uploads\/2021\/07\/Extraordinary.Engines.Heatmobile2.0Kit-600x800-1.jpg\",\"width\":600,\"height\":800,\"caption\":\"Memory Metall Motor\"},{\"@type\":\"BreadcrumbList\",\"@id\":\"https:\/\/www.exergia.de\/product\/heatmobile2-0kit\/#breadcrumb\",\"itemListElement\":[{\"@type\":\"ListItem\",\"position\":1,\"name\":\"Home\",\"item\":\"https:\/\/www.exergia.de\/\"},{\"@type\":\"ListItem\",\"position\":2,\"name\":\"Products\",\"item\":\"https:\/\/www.exergia.de\/shop\/\"},{\"@type\":\"ListItem\",\"position\":3,\"name\":\"Alle\",\"item\":\"https:\/\/www.exergia.de\/product-category\/alle\/\"},{\"@type\":\"ListItem\",\"position\":4,\"name\":\"HEATMOBILE Kit\"}]},{\"@type\":\"WebSite\",\"@id\":\"https:\/\/www.exergia.de\/#website\",\"url\":\"https:\/\/www.exergia.de\/\",\"name\":\"exergia\",\"description\":\"Ideas in STEM and Energy\",\"publisher\":{\"@id\":\"https:\/\/www.exergia.de\/#organization\"},\"potentialAction\":[{\"@type\":\"SearchAction\",\"target\":{\"@type\":\"EntryPoint\",\"urlTemplate\":\"https:\/\/www.exergia.de\/?s={search_term_string}\"},\"query-input\":{\"@type\":\"PropertyValueSpecification\",\"valueRequired\":true,\"valueName\":\"search_term_string\"}}],\"inLanguage\":\"en-GB\"},{\"@type\":\"Organization\",\"@id\":\"https:\/\/www.exergia.de\/#organization\",\"name\":\"exergia\",\"url\":\"https:\/\/www.exergia.de\/\",\"logo\":{\"@type\":\"ImageObject\",\"inLanguage\":\"en-GB\",\"@id\":\"https:\/\/www.exergia.de\/#\/schema\/logo\/image\/\",\"url\":\"https:\/\/www.exergia.de\/wp-content\/uploads\/2021\/08\/logo_exergia_new2.png\",\"contentUrl\":\"https:\/\/www.exergia.de\/wp-content\/uploads\/2021\/08\/logo_exergia_new2.png\",\"width\":2500,\"height\":3200,\"caption\":\"exergia\"},\"image\":{\"@id\":\"https:\/\/www.exergia.de\/#\/schema\/logo\/image\/\"},\"sameAs\":[\"https:\/\/www.facebook.com\/exergiadotde\",\"https:\/\/www.pinterest.de\/mobil0367\",\"https:\/\/www.youtube.com\/user\/exergiaDOTde\"]}]}<\/script>\n<!-- \/ Yoast SEO plugin. -->","yoast_head_json":{"title":"HEATMOBILE Kit - exergia","robots":{"index":"index","follow":"follow","max-snippet":"max-snippet:-1","max-image-preview":"max-image-preview:large","max-video-preview":"max-video-preview:-1"},"canonical":"https:\/\/www.exergia.de\/english\/product\/heatmobile2-0kit\/","og_locale":"en_GB","og_type":"article","og_title":"HEATMOBILE Kit - exergia","og_description":"Ged\u00e4chtnisdraht-Motor angetrieben von hei\u00dfem Wasser - Bausatz","og_url":"https:\/\/www.exergia.de\/english\/product\/heatmobile2-0kit\/","og_site_name":"exergia","article_publisher":"https:\/\/www.facebook.com\/exergiadotde","article_modified_time":"2024-02-06T13:41:36+00:00","og_image":[{"width":600,"height":800,"url":"https:\/\/www.exergia.de\/wp-content\/uploads\/2021\/07\/Extraordinary.Engines.Heatmobile2.0Kit-600x800-1.jpg","type":"image\/jpeg"}],"twitter_card":"summary_large_image","twitter_misc":{"Estimated reading time":"1 minute"},"schema":{"@context":"https:\/\/schema.org","@graph":[{"@type":"WebPage","@id":"https:\/\/www.exergia.de\/product\/heatmobile2-0kit\/","url":"https:\/\/www.exergia.de\/product\/heatmobile2-0kit\/","name":"HEATMOBILE Kit - exergia","isPartOf":{"@id":"https:\/\/www.exergia.de\/#website"},"primaryImageOfPage":{"@id":"https:\/\/www.exergia.de\/product\/heatmobile2-0kit\/#primaryimage"},"image":{"@id":"https:\/\/www.exergia.de\/product\/heatmobile2-0kit\/#primaryimage"},"thumbnailUrl":"https:\/\/www.exergia.de\/wp-content\/uploads\/2021\/07\/Extraordinary.Engines.Heatmobile2.0Kit-600x800-1.jpg","datePublished":"2021-07-22T14:50:17+00:00","dateModified":"2024-02-06T13:41:36+00:00","breadcrumb":{"@id":"https:\/\/www.exergia.de\/product\/heatmobile2-0kit\/#breadcrumb"},"inLanguage":"en-GB","potentialAction":[{"@type":"ReadAction","target":["https:\/\/www.exergia.de\/product\/heatmobile2-0kit\/"]}]},{"@type":"ImageObject","inLanguage":"en-GB","@id":"https:\/\/www.exergia.de\/product\/heatmobile2-0kit\/#primaryimage","url":"https:\/\/www.exergia.de\/wp-content\/uploads\/2021\/07\/Extraordinary.Engines.Heatmobile2.0Kit-600x800-1.jpg","contentUrl":"https:\/\/www.exergia.de\/wp-content\/uploads\/2021\/07\/Extraordinary.Engines.Heatmobile2.0Kit-600x800-1.jpg","width":600,"height":800,"caption":"Memory Metall Motor"},{"@type":"BreadcrumbList","@id":"https:\/\/www.exergia.de\/product\/heatmobile2-0kit\/#breadcrumb","itemListElement":[{"@type":"ListItem","position":1,"name":"Home","item":"https:\/\/www.exergia.de\/"},{"@type":"ListItem","position":2,"name":"Products","item":"https:\/\/www.exergia.de\/shop\/"},{"@type":"ListItem","position":3,"name":"Alle","item":"https:\/\/www.exergia.de\/product-category\/alle\/"},{"@type":"ListItem","position":4,"name":"HEATMOBILE Kit"}]},{"@type":"WebSite","@id":"https:\/\/www.exergia.de\/#website","url":"https:\/\/www.exergia.de\/","name":"exergia","description":"Ideas in STEM and Energy","publisher":{"@id":"https:\/\/www.exergia.de\/#organization"},"potentialAction":[{"@type":"SearchAction","target":{"@type":"EntryPoint","urlTemplate":"https:\/\/www.exergia.de\/?s={search_term_string}"},"query-input":{"@type":"PropertyValueSpecification","valueRequired":true,"valueName":"search_term_string"}}],"inLanguage":"en-GB"},{"@type":"Organization","@id":"https:\/\/www.exergia.de\/#organization","name":"exergia","url":"https:\/\/www.exergia.de\/","logo":{"@type":"ImageObject","inLanguage":"en-GB","@id":"https:\/\/www.exergia.de\/#\/schema\/logo\/image\/","url":"https:\/\/www.exergia.de\/wp-content\/uploads\/2021\/08\/logo_exergia_new2.png","contentUrl":"https:\/\/www.exergia.de\/wp-content\/uploads\/2021\/08\/logo_exergia_new2.png","width":2500,"height":3200,"caption":"exergia"},"image":{"@id":"https:\/\/www.exergia.de\/#\/schema\/logo\/image\/"},"sameAs":["https:\/\/www.facebook.com\/exergiadotde","https:\/\/www.pinterest.de\/mobil0367","https:\/\/www.youtube.com\/user\/exergiaDOTde"]}]}},"_links":{"self":[{"href":"https:\/\/www.exergia.de\/english\/wp-json\/wp\/v2\/product\/13695","targetHints":{"allow":["GET"]}}],"collection":[{"href":"https:\/\/www.exergia.de\/english\/wp-json\/wp\/v2\/product"}],"about":[{"href":"https:\/\/www.exergia.de\/english\/wp-json\/wp\/v2\/types\/product"}],"wp:featuredmedia":[{"embeddable":true,"href":"https:\/\/www.exergia.de\/english\/wp-json\/wp\/v2\/media\/18169"}],"wp:attachment":[{"href":"https:\/\/www.exergia.de\/english\/wp-json\/wp\/v2\/media?parent=13695"}],"wp:term":[{"taxonomy":"product_brand","embeddable":true,"href":"https:\/\/www.exergia.de\/english\/wp-json\/wp\/v2\/product_brand?post=13695"},{"taxonomy":"product_cat","embeddable":true,"href":"https:\/\/www.exergia.de\/english\/wp-json\/wp\/v2\/product_cat?post=13695"},{"taxonomy":"product_tag","embeddable":true,"href":"https:\/\/www.exergia.de\/english\/wp-json\/wp\/v2\/product_tag?post=13695"}],"curies":[{"name":"wp","href":"https:\/\/api.w.org\/{rel}","templated":true}]}}