{"id":18259,"date":"2021-11-19T18:05:29","date_gmt":"2021-11-19T18:05:29","guid":{"rendered":"https:\/\/www.exergia.de\/?post_type=product&#038;p=18259"},"modified":"2024-03-14T13:12:02","modified_gmt":"2024-03-14T13:12:02","slug":"ultra-fertigmodell","status":"publish","type":"product","link":"https:\/\/www.exergia.de\/english\/product\/ultra-fertigmodell\/","title":{"rendered":"ULTRA Engine"},"content":{"rendered":"<p><strong>Concept:<\/strong><\/p>\n<p>Body temperature is actually sufficient to operate the low-temperature Stirling engine Ultra: place the engine on the palm of your hand. After a few minutes it can start with a slight push. The motor can be operated with any heat or cold sources that lead to a temperature difference between the top and bottom plates of approx. 10\u00b0 Celsius. Experiment with different heat sources: exposure to sunlight, cup of hot coffee, computer monitor or ambient air\/ice cubes... Exciting demonstration of the development of force through heating and cooling.<\/p>\n<p>Dieser Niedertemperatur-Stirlingmotor ist f\u00fcr die Zuf\u00fchrung von Handw\u00e4rme konzipiert worden, f\u00fcr dessen Betrieb eine Temperaturdifferenz von nur 3 Kelvin erforderlich ist. (<a href=\"http:\/\/51432514.de.strato-hosting.eu\/html\/kelvin.html\">Erkl\u00e4rung Kelvin<\/a>). Bei der Konstruktion des GT02 wurde Wert auf Transparenz gelegt. Deshalb bestehen der Arbeitszylinder aus Pr\u00e4zisions-Glas und der Verdr\u00e4ngungszylinder sowie das Schwungrad aus Acrylglas. Somit l\u00e4sst sich die Bewegung von Arbeitskolben, Verdr\u00e4nger und Kurbeltrieb jederzeit verfolgen.<\/p>\n<p>Due to the matt black coating of the top plate, it can also be operated as a solar motor by irradiating it with an intense light source (sun, desk lamp). For this purpose, we deliver the top plate anodized black as standard. The motor also runs very well if you place it on a cold surface at room temperature, e.g. an ice pack from the refrigerator.<\/p>\n<p>The heating chamber is sealed by two O-rings, which also serve to fasten the top and bottom plates to the housing wall. The assembly is carried out using a releasable snap connection.<br \/>\nUm Reibungsverluste zu minimieren, sind Kurbelwelle sowie beide Pleuel in Pr\u00e4zisions-Miniaturkugellager gelagert. Da zudem der Arbeitskolben trocken im Arbeitszylinder l\u00e4uft, ist der GT02 absolut wartungsfrei.<br \/>\nDepending on the heat of the hand or the ambient temperature, the GT02 silently reaches a speed of approx. 100 revolutions per minute.<\/p>\n<p><strong>Assembly:<\/strong><\/p>\n<p>The kit contains all the necessary parts and assembly instructions. All parts are prefabricated and may need to be deburred. To assemble you only need simple tools such as a screwdriver, pliers and a two-component adhesive. In about 2-4 hours you can create a fantastic little Stirling engine that can actually be operated with hand heat, hot coffee or ice cubes.<\/p>","protected":false},"excerpt":{"rendered":"<p>Heat of your hand Stirling engine - assembled<\/p>","protected":false},"featured_media":18234,"template":"","meta":{"site-sidebar-layout":"default","site-content-layout":"default","ast-site-content-layout":"default","site-content-style":"default","site-sidebar-style":"default","ast-global-header-display":"","ast-banner-title-visibility":"","ast-main-header-display":"","ast-hfb-above-header-display":"","ast-hfb-below-header-display":"","ast-hfb-mobile-header-display":"","site-post-title":"","ast-breadcrumbs-content":"","ast-featured-img":"","footer-sml-layout":"","theme-transparent-header-meta":"default","adv-header-id-meta":"","stick-header-meta":"","header-above-stick-meta":"","header-main-stick-meta":"","header-below-stick-meta":"","astra-migrate-meta-layouts":"set"},"product_brand":[],"product_cat":[15,79,117],"product_tag":[],"class_list":{"0":"post-18259","1":"product","2":"type-product","3":"status-publish","4":"has-post-thumbnail","6":"product_cat-alle","7":"product_cat-energieumwandlung","8":"product_cat-stirlingmotor","9":"desktop-align-left","10":"tablet-align-left","11":"mobile-align-left","13":"first","14":"instock","15":"taxable","16":"shipping-taxable","17":"purchasable","18":"product-type-simple"},"yoast_head":"<!-- This site is optimized with the Yoast SEO plugin v26.6 - https:\/\/yoast.com\/wordpress\/plugins\/seo\/ -->\n<title>ULTRA Fertigmodell - exergia<\/title>\n<meta name=\"robots\" content=\"index, follow, max-snippet:-1, max-image-preview:large, max-video-preview:-1\" \/>\n<link rel=\"canonical\" href=\"https:\/\/www.exergia.de\/english\/product\/ultra-fertigmodell\/\" \/>\n<meta property=\"og:locale\" content=\"en_GB\" \/>\n<meta property=\"og:type\" content=\"article\" \/>\n<meta property=\"og:title\" content=\"ULTRA Fertigmodell - exergia\" \/>\n<meta property=\"og:description\" content=\"Handw\u00e4rme-Stirling-Motor\" \/>\n<meta property=\"og:url\" content=\"https:\/\/www.exergia.de\/english\/product\/ultra-fertigmodell\/\" \/>\n<meta property=\"og:site_name\" content=\"exergia\" \/>\n<meta property=\"article:publisher\" content=\"https:\/\/www.facebook.com\/exergiadotde\" \/>\n<meta property=\"article:modified_time\" content=\"2024-03-14T13:12:02+00:00\" \/>\n<meta property=\"og:image\" content=\"https:\/\/www.exergia.de\/wp-content\/uploads\/2021\/07\/il_1140xN.2794334323_2pfu.webp\" \/>\n\t<meta property=\"og:image:width\" content=\"1140\" \/>\n\t<meta property=\"og:image:height\" content=\"855\" \/>\n\t<meta property=\"og:image:type\" content=\"image\/webp\" \/>\n<meta name=\"twitter:card\" content=\"summary_large_image\" \/>\n<meta name=\"twitter:label1\" content=\"Estimated reading time\" \/>\n\t<meta name=\"twitter:data1\" content=\"2 minutes\" \/>\n<script type=\"application\/ld+json\" class=\"yoast-schema-graph\">{\"@context\":\"https:\/\/schema.org\",\"@graph\":[{\"@type\":\"WebPage\",\"@id\":\"https:\/\/www.exergia.de\/product\/ultra-fertigmodell\/\",\"url\":\"https:\/\/www.exergia.de\/product\/ultra-fertigmodell\/\",\"name\":\"ULTRA Fertigmodell - exergia\",\"isPartOf\":{\"@id\":\"https:\/\/www.exergia.de\/#website\"},\"primaryImageOfPage\":{\"@id\":\"https:\/\/www.exergia.de\/product\/ultra-fertigmodell\/#primaryimage\"},\"image\":{\"@id\":\"https:\/\/www.exergia.de\/product\/ultra-fertigmodell\/#primaryimage\"},\"thumbnailUrl\":\"https:\/\/www.exergia.de\/wp-content\/uploads\/2021\/07\/il_1140xN.2794334323_2pfu.webp\",\"datePublished\":\"2021-11-19T18:05:29+00:00\",\"dateModified\":\"2024-03-14T13:12:02+00:00\",\"breadcrumb\":{\"@id\":\"https:\/\/www.exergia.de\/product\/ultra-fertigmodell\/#breadcrumb\"},\"inLanguage\":\"en-GB\",\"potentialAction\":[{\"@type\":\"ReadAction\",\"target\":[\"https:\/\/www.exergia.de\/product\/ultra-fertigmodell\/\"]}]},{\"@type\":\"ImageObject\",\"inLanguage\":\"en-GB\",\"@id\":\"https:\/\/www.exergia.de\/product\/ultra-fertigmodell\/#primaryimage\",\"url\":\"https:\/\/www.exergia.de\/wp-content\/uploads\/2021\/07\/il_1140xN.2794334323_2pfu.webp\",\"contentUrl\":\"https:\/\/www.exergia.de\/wp-content\/uploads\/2021\/07\/il_1140xN.2794334323_2pfu.webp\",\"width\":1140,\"height\":855},{\"@type\":\"BreadcrumbList\",\"@id\":\"https:\/\/www.exergia.de\/product\/ultra-fertigmodell\/#breadcrumb\",\"itemListElement\":[{\"@type\":\"ListItem\",\"position\":1,\"name\":\"Home\",\"item\":\"https:\/\/www.exergia.de\/\"},{\"@type\":\"ListItem\",\"position\":2,\"name\":\"Products\",\"item\":\"https:\/\/www.exergia.de\/shop\/\"},{\"@type\":\"ListItem\",\"position\":3,\"name\":\"Energieumwandlung\",\"item\":\"https:\/\/www.exergia.de\/product-category\/energieumwandlung\/\"},{\"@type\":\"ListItem\",\"position\":4,\"name\":\"Stirlingmotor\",\"item\":\"https:\/\/www.exergia.de\/product-category\/energieumwandlung\/stirlingmotor\/\"},{\"@type\":\"ListItem\",\"position\":5,\"name\":\"ULTRA Fertigmodell\"}]},{\"@type\":\"WebSite\",\"@id\":\"https:\/\/www.exergia.de\/#website\",\"url\":\"https:\/\/www.exergia.de\/\",\"name\":\"exergia\",\"description\":\"Ideas in STEM and Energy\",\"publisher\":{\"@id\":\"https:\/\/www.exergia.de\/#organization\"},\"potentialAction\":[{\"@type\":\"SearchAction\",\"target\":{\"@type\":\"EntryPoint\",\"urlTemplate\":\"https:\/\/www.exergia.de\/?s={search_term_string}\"},\"query-input\":{\"@type\":\"PropertyValueSpecification\",\"valueRequired\":true,\"valueName\":\"search_term_string\"}}],\"inLanguage\":\"en-GB\"},{\"@type\":\"Organization\",\"@id\":\"https:\/\/www.exergia.de\/#organization\",\"name\":\"exergia\",\"url\":\"https:\/\/www.exergia.de\/\",\"logo\":{\"@type\":\"ImageObject\",\"inLanguage\":\"en-GB\",\"@id\":\"https:\/\/www.exergia.de\/#\/schema\/logo\/image\/\",\"url\":\"https:\/\/www.exergia.de\/wp-content\/uploads\/2021\/08\/logo_exergia_new2.png\",\"contentUrl\":\"https:\/\/www.exergia.de\/wp-content\/uploads\/2021\/08\/logo_exergia_new2.png\",\"width\":2500,\"height\":3200,\"caption\":\"exergia\"},\"image\":{\"@id\":\"https:\/\/www.exergia.de\/#\/schema\/logo\/image\/\"},\"sameAs\":[\"https:\/\/www.facebook.com\/exergiadotde\",\"https:\/\/www.pinterest.de\/mobil0367\",\"https:\/\/www.youtube.com\/user\/exergiaDOTde\"]}]}<\/script>\n<!-- \/ Yoast SEO plugin. -->","yoast_head_json":{"title":"ULTRA Fertigmodell - exergia","robots":{"index":"index","follow":"follow","max-snippet":"max-snippet:-1","max-image-preview":"max-image-preview:large","max-video-preview":"max-video-preview:-1"},"canonical":"https:\/\/www.exergia.de\/english\/product\/ultra-fertigmodell\/","og_locale":"en_GB","og_type":"article","og_title":"ULTRA Fertigmodell - exergia","og_description":"Handw\u00e4rme-Stirling-Motor","og_url":"https:\/\/www.exergia.de\/english\/product\/ultra-fertigmodell\/","og_site_name":"exergia","article_publisher":"https:\/\/www.facebook.com\/exergiadotde","article_modified_time":"2024-03-14T13:12:02+00:00","og_image":[{"width":1140,"height":855,"url":"https:\/\/www.exergia.de\/wp-content\/uploads\/2021\/07\/il_1140xN.2794334323_2pfu.webp","type":"image\/webp"}],"twitter_card":"summary_large_image","twitter_misc":{"Estimated reading time":"2 minutes"},"schema":{"@context":"https:\/\/schema.org","@graph":[{"@type":"WebPage","@id":"https:\/\/www.exergia.de\/product\/ultra-fertigmodell\/","url":"https:\/\/www.exergia.de\/product\/ultra-fertigmodell\/","name":"ULTRA Fertigmodell - exergia","isPartOf":{"@id":"https:\/\/www.exergia.de\/#website"},"primaryImageOfPage":{"@id":"https:\/\/www.exergia.de\/product\/ultra-fertigmodell\/#primaryimage"},"image":{"@id":"https:\/\/www.exergia.de\/product\/ultra-fertigmodell\/#primaryimage"},"thumbnailUrl":"https:\/\/www.exergia.de\/wp-content\/uploads\/2021\/07\/il_1140xN.2794334323_2pfu.webp","datePublished":"2021-11-19T18:05:29+00:00","dateModified":"2024-03-14T13:12:02+00:00","breadcrumb":{"@id":"https:\/\/www.exergia.de\/product\/ultra-fertigmodell\/#breadcrumb"},"inLanguage":"en-GB","potentialAction":[{"@type":"ReadAction","target":["https:\/\/www.exergia.de\/product\/ultra-fertigmodell\/"]}]},{"@type":"ImageObject","inLanguage":"en-GB","@id":"https:\/\/www.exergia.de\/product\/ultra-fertigmodell\/#primaryimage","url":"https:\/\/www.exergia.de\/wp-content\/uploads\/2021\/07\/il_1140xN.2794334323_2pfu.webp","contentUrl":"https:\/\/www.exergia.de\/wp-content\/uploads\/2021\/07\/il_1140xN.2794334323_2pfu.webp","width":1140,"height":855},{"@type":"BreadcrumbList","@id":"https:\/\/www.exergia.de\/product\/ultra-fertigmodell\/#breadcrumb","itemListElement":[{"@type":"ListItem","position":1,"name":"Home","item":"https:\/\/www.exergia.de\/"},{"@type":"ListItem","position":2,"name":"Products","item":"https:\/\/www.exergia.de\/shop\/"},{"@type":"ListItem","position":3,"name":"Energieumwandlung","item":"https:\/\/www.exergia.de\/product-category\/energieumwandlung\/"},{"@type":"ListItem","position":4,"name":"Stirlingmotor","item":"https:\/\/www.exergia.de\/product-category\/energieumwandlung\/stirlingmotor\/"},{"@type":"ListItem","position":5,"name":"ULTRA Fertigmodell"}]},{"@type":"WebSite","@id":"https:\/\/www.exergia.de\/#website","url":"https:\/\/www.exergia.de\/","name":"exergia","description":"Ideas in STEM and Energy","publisher":{"@id":"https:\/\/www.exergia.de\/#organization"},"potentialAction":[{"@type":"SearchAction","target":{"@type":"EntryPoint","urlTemplate":"https:\/\/www.exergia.de\/?s={search_term_string}"},"query-input":{"@type":"PropertyValueSpecification","valueRequired":true,"valueName":"search_term_string"}}],"inLanguage":"en-GB"},{"@type":"Organization","@id":"https:\/\/www.exergia.de\/#organization","name":"exergia","url":"https:\/\/www.exergia.de\/","logo":{"@type":"ImageObject","inLanguage":"en-GB","@id":"https:\/\/www.exergia.de\/#\/schema\/logo\/image\/","url":"https:\/\/www.exergia.de\/wp-content\/uploads\/2021\/08\/logo_exergia_new2.png","contentUrl":"https:\/\/www.exergia.de\/wp-content\/uploads\/2021\/08\/logo_exergia_new2.png","width":2500,"height":3200,"caption":"exergia"},"image":{"@id":"https:\/\/www.exergia.de\/#\/schema\/logo\/image\/"},"sameAs":["https:\/\/www.facebook.com\/exergiadotde","https:\/\/www.pinterest.de\/mobil0367","https:\/\/www.youtube.com\/user\/exergiaDOTde"]}]}},"_links":{"self":[{"href":"https:\/\/www.exergia.de\/english\/wp-json\/wp\/v2\/product\/18259","targetHints":{"allow":["GET"]}}],"collection":[{"href":"https:\/\/www.exergia.de\/english\/wp-json\/wp\/v2\/product"}],"about":[{"href":"https:\/\/www.exergia.de\/english\/wp-json\/wp\/v2\/types\/product"}],"wp:featuredmedia":[{"embeddable":true,"href":"https:\/\/www.exergia.de\/english\/wp-json\/wp\/v2\/media\/18234"}],"wp:attachment":[{"href":"https:\/\/www.exergia.de\/english\/wp-json\/wp\/v2\/media?parent=18259"}],"wp:term":[{"taxonomy":"product_brand","embeddable":true,"href":"https:\/\/www.exergia.de\/english\/wp-json\/wp\/v2\/product_brand?post=18259"},{"taxonomy":"product_cat","embeddable":true,"href":"https:\/\/www.exergia.de\/english\/wp-json\/wp\/v2\/product_cat?post=18259"},{"taxonomy":"product_tag","embeddable":true,"href":"https:\/\/www.exergia.de\/english\/wp-json\/wp\/v2\/product_tag?post=18259"}],"curies":[{"name":"wp","href":"https:\/\/api.w.org\/{rel}","templated":true}]}}