{"id":19591,"date":"2021-12-14T12:42:08","date_gmt":"2021-12-14T12:42:08","guid":{"rendered":"https:\/\/www.exergia.de\/?post_type=product&#038;p=19591"},"modified":"2025-03-17T15:44:17","modified_gmt":"2025-03-17T15:44:17","slug":"strandbeest","status":"publish","type":"product","link":"https:\/\/www.exergia.de\/english\/product\/strandbeest\/","title":{"rendered":"Strandbeest \u2013 Kit"},"content":{"rendered":"<p>The Strandbeest Kit is a miniature working model version of one of the famous Strandbeests made by the Dutch physicist-turned-artist Theo Jansen. After assembling, it walks on the wind, by hand or by blowing against the propeller.<\/p>\n<p>Dimentions: 11cm x 17cm x 20cm<\/p>","protected":false},"excerpt":{"rendered":"<p>Wind powered walking machine<\/p>","protected":false},"featured_media":19593,"template":"","meta":{"site-sidebar-layout":"default","site-content-layout":"default","ast-site-content-layout":"default","site-content-style":"default","site-sidebar-style":"default","ast-global-header-display":"","ast-banner-title-visibility":"","ast-main-header-display":"","ast-hfb-above-header-display":"","ast-hfb-below-header-display":"","ast-hfb-mobile-header-display":"","site-post-title":"","ast-breadcrumbs-content":"","ast-featured-img":"","footer-sml-layout":"","theme-transparent-header-meta":"default","adv-header-id-meta":"","stick-header-meta":"","header-above-stick-meta":"","header-main-stick-meta":"","header-below-stick-meta":"","astra-migrate-meta-layouts":"set"},"product_brand":[],"product_cat":[15,81],"product_tag":[],"class_list":{"0":"post-19591","1":"product","2":"type-product","3":"status-publish","4":"has-post-thumbnail","6":"product_cat-alle","7":"product_cat-konstruktiondesign","8":"desktop-align-left","9":"tablet-align-left","10":"mobile-align-left","12":"first","13":"instock","14":"taxable","15":"shipping-taxable","16":"purchasable","17":"product-type-simple"},"yoast_head":"<!-- This site is optimized with the Yoast SEO plugin v26.6 - https:\/\/yoast.com\/wordpress\/plugins\/seo\/ -->\n<title>Strandbeest - Bausatz - exergia<\/title>\n<meta name=\"description\" content=\"Der Bausatz ist eine Miniaturversion der ber\u00fchmten Strandbeest Laufmaschinen des niederl\u00e4ndischen Physikers und K\u00fcnstlers Theo Jansen. Im Wind oder durch Anpusten des Propellers setzt sich der kleine L\u00e4ufer in Bewegung und beginnt auf seinen zw\u00f6lf Beine die Welt zu erkunden.\" \/>\n<meta name=\"robots\" content=\"index, follow, max-snippet:-1, max-image-preview:large, max-video-preview:-1\" \/>\n<link rel=\"canonical\" href=\"https:\/\/www.exergia.de\/english\/product\/strandbeest\/\" \/>\n<meta property=\"og:locale\" content=\"en_GB\" \/>\n<meta property=\"og:type\" content=\"article\" \/>\n<meta property=\"og:title\" content=\"Strandbeest - Bausatz - exergia\" \/>\n<meta property=\"og:description\" content=\"Der Bausatz ist eine Miniaturversion der ber\u00fchmten Strandbeest Laufmaschinen des niederl\u00e4ndischen Physikers und K\u00fcnstlers Theo Jansen. Im Wind oder durch Anpusten des Propellers setzt sich der kleine L\u00e4ufer in Bewegung und beginnt auf seinen zw\u00f6lf Beine die Welt zu erkunden.\" \/>\n<meta property=\"og:url\" content=\"https:\/\/www.exergia.de\/english\/product\/strandbeest\/\" \/>\n<meta property=\"og:site_name\" content=\"exergia\" \/>\n<meta property=\"article:publisher\" content=\"https:\/\/www.facebook.com\/exergiadotde\" \/>\n<meta property=\"article:modified_time\" content=\"2025-03-17T15:44:17+00:00\" \/>\n<meta property=\"og:image\" content=\"https:\/\/www.exergia.de\/wp-content\/uploads\/2021\/12\/Wind.Power_.StrandbeestKit-600x600-1.jpg\" \/>\n\t<meta property=\"og:image:width\" content=\"443\" \/>\n\t<meta property=\"og:image:height\" content=\"443\" \/>\n\t<meta property=\"og:image:type\" content=\"image\/jpeg\" \/>\n<meta name=\"twitter:card\" content=\"summary_large_image\" \/>\n<meta name=\"twitter:label1\" content=\"Estimated reading time\" \/>\n\t<meta name=\"twitter:data1\" content=\"1 minute\" \/>\n<script type=\"application\/ld+json\" class=\"yoast-schema-graph\">{\"@context\":\"https:\/\/schema.org\",\"@graph\":[{\"@type\":\"WebPage\",\"@id\":\"https:\/\/www.exergia.de\/product\/strandbeest\/\",\"url\":\"https:\/\/www.exergia.de\/product\/strandbeest\/\",\"name\":\"Strandbeest - Bausatz - exergia\",\"isPartOf\":{\"@id\":\"https:\/\/www.exergia.de\/#website\"},\"primaryImageOfPage\":{\"@id\":\"https:\/\/www.exergia.de\/product\/strandbeest\/#primaryimage\"},\"image\":{\"@id\":\"https:\/\/www.exergia.de\/product\/strandbeest\/#primaryimage\"},\"thumbnailUrl\":\"https:\/\/www.exergia.de\/wp-content\/uploads\/2021\/12\/Wind.Power_.StrandbeestKit-600x600-1.jpg\",\"datePublished\":\"2021-12-14T12:42:08+00:00\",\"dateModified\":\"2025-03-17T15:44:17+00:00\",\"description\":\"Der Bausatz ist eine Miniaturversion der ber\u00fchmten Strandbeest Laufmaschinen des niederl\u00e4ndischen Physikers und K\u00fcnstlers Theo Jansen. Im Wind oder durch Anpusten des Propellers setzt sich der kleine L\u00e4ufer in Bewegung und beginnt auf seinen zw\u00f6lf Beine die Welt zu erkunden.\",\"breadcrumb\":{\"@id\":\"https:\/\/www.exergia.de\/product\/strandbeest\/#breadcrumb\"},\"inLanguage\":\"en-GB\",\"potentialAction\":[{\"@type\":\"ReadAction\",\"target\":[\"https:\/\/www.exergia.de\/product\/strandbeest\/\"]}]},{\"@type\":\"ImageObject\",\"inLanguage\":\"en-GB\",\"@id\":\"https:\/\/www.exergia.de\/product\/strandbeest\/#primaryimage\",\"url\":\"https:\/\/www.exergia.de\/wp-content\/uploads\/2021\/12\/Wind.Power_.StrandbeestKit-600x600-1.jpg\",\"contentUrl\":\"https:\/\/www.exergia.de\/wp-content\/uploads\/2021\/12\/Wind.Power_.StrandbeestKit-600x600-1.jpg\",\"width\":443,\"height\":443},{\"@type\":\"BreadcrumbList\",\"@id\":\"https:\/\/www.exergia.de\/product\/strandbeest\/#breadcrumb\",\"itemListElement\":[{\"@type\":\"ListItem\",\"position\":1,\"name\":\"Home\",\"item\":\"https:\/\/www.exergia.de\/\"},{\"@type\":\"ListItem\",\"position\":2,\"name\":\"Products\",\"item\":\"https:\/\/www.exergia.de\/shop\/\"},{\"@type\":\"ListItem\",\"position\":3,\"name\":\"Konstruktion + Design\",\"item\":\"https:\/\/www.exergia.de\/product-category\/konstruktiondesign\/\"},{\"@type\":\"ListItem\",\"position\":4,\"name\":\"Strandbeest &#8211; Bausatz\"}]},{\"@type\":\"WebSite\",\"@id\":\"https:\/\/www.exergia.de\/#website\",\"url\":\"https:\/\/www.exergia.de\/\",\"name\":\"exergia\",\"description\":\"Ideas in STEM and Energy\",\"publisher\":{\"@id\":\"https:\/\/www.exergia.de\/#organization\"},\"potentialAction\":[{\"@type\":\"SearchAction\",\"target\":{\"@type\":\"EntryPoint\",\"urlTemplate\":\"https:\/\/www.exergia.de\/?s={search_term_string}\"},\"query-input\":{\"@type\":\"PropertyValueSpecification\",\"valueRequired\":true,\"valueName\":\"search_term_string\"}}],\"inLanguage\":\"en-GB\"},{\"@type\":\"Organization\",\"@id\":\"https:\/\/www.exergia.de\/#organization\",\"name\":\"exergia\",\"url\":\"https:\/\/www.exergia.de\/\",\"logo\":{\"@type\":\"ImageObject\",\"inLanguage\":\"en-GB\",\"@id\":\"https:\/\/www.exergia.de\/#\/schema\/logo\/image\/\",\"url\":\"https:\/\/www.exergia.de\/wp-content\/uploads\/2021\/08\/logo_exergia_new2.png\",\"contentUrl\":\"https:\/\/www.exergia.de\/wp-content\/uploads\/2021\/08\/logo_exergia_new2.png\",\"width\":2500,\"height\":3200,\"caption\":\"exergia\"},\"image\":{\"@id\":\"https:\/\/www.exergia.de\/#\/schema\/logo\/image\/\"},\"sameAs\":[\"https:\/\/www.facebook.com\/exergiadotde\",\"https:\/\/www.pinterest.de\/mobil0367\",\"https:\/\/www.youtube.com\/user\/exergiaDOTde\"]}]}<\/script>\n<!-- \/ Yoast SEO plugin. -->","yoast_head_json":{"title":"Strandbeest - Bausatz - exergia","description":"The Strandbeest Kit is a miniature working model version of one of the famous Strandbeests made by the Dutch physicist-turned-artist Theo Jansen. After assembling, it walks on the wind, by hand or by blowing against the propeller.","robots":{"index":"index","follow":"follow","max-snippet":"max-snippet:-1","max-image-preview":"max-image-preview:large","max-video-preview":"max-video-preview:-1"},"canonical":"https:\/\/www.exergia.de\/english\/product\/strandbeest\/","og_locale":"en_GB","og_type":"article","og_title":"Strandbeest - Bausatz - exergia","og_description":"Der Bausatz ist eine Miniaturversion der ber\u00fchmten Strandbeest Laufmaschinen des niederl\u00e4ndischen Physikers und K\u00fcnstlers Theo Jansen. Im Wind oder durch Anpusten des Propellers setzt sich der kleine L\u00e4ufer in Bewegung und beginnt auf seinen zw\u00f6lf Beine die Welt zu erkunden.","og_url":"https:\/\/www.exergia.de\/english\/product\/strandbeest\/","og_site_name":"exergia","article_publisher":"https:\/\/www.facebook.com\/exergiadotde","article_modified_time":"2025-03-17T15:44:17+00:00","og_image":[{"width":443,"height":443,"url":"https:\/\/www.exergia.de\/wp-content\/uploads\/2021\/12\/Wind.Power_.StrandbeestKit-600x600-1.jpg","type":"image\/jpeg"}],"twitter_card":"summary_large_image","twitter_misc":{"Estimated reading time":"1 minute"},"schema":{"@context":"https:\/\/schema.org","@graph":[{"@type":"WebPage","@id":"https:\/\/www.exergia.de\/product\/strandbeest\/","url":"https:\/\/www.exergia.de\/product\/strandbeest\/","name":"Strandbeest - Bausatz - exergia","isPartOf":{"@id":"https:\/\/www.exergia.de\/#website"},"primaryImageOfPage":{"@id":"https:\/\/www.exergia.de\/product\/strandbeest\/#primaryimage"},"image":{"@id":"https:\/\/www.exergia.de\/product\/strandbeest\/#primaryimage"},"thumbnailUrl":"https:\/\/www.exergia.de\/wp-content\/uploads\/2021\/12\/Wind.Power_.StrandbeestKit-600x600-1.jpg","datePublished":"2021-12-14T12:42:08+00:00","dateModified":"2025-03-17T15:44:17+00:00","description":"The Strandbeest Kit is a miniature working model version of one of the famous Strandbeests made by the Dutch physicist-turned-artist Theo Jansen. After assembling, it walks on the wind, by hand or by blowing against the propeller.","breadcrumb":{"@id":"https:\/\/www.exergia.de\/product\/strandbeest\/#breadcrumb"},"inLanguage":"en-GB","potentialAction":[{"@type":"ReadAction","target":["https:\/\/www.exergia.de\/product\/strandbeest\/"]}]},{"@type":"ImageObject","inLanguage":"en-GB","@id":"https:\/\/www.exergia.de\/product\/strandbeest\/#primaryimage","url":"https:\/\/www.exergia.de\/wp-content\/uploads\/2021\/12\/Wind.Power_.StrandbeestKit-600x600-1.jpg","contentUrl":"https:\/\/www.exergia.de\/wp-content\/uploads\/2021\/12\/Wind.Power_.StrandbeestKit-600x600-1.jpg","width":443,"height":443},{"@type":"BreadcrumbList","@id":"https:\/\/www.exergia.de\/product\/strandbeest\/#breadcrumb","itemListElement":[{"@type":"ListItem","position":1,"name":"Home","item":"https:\/\/www.exergia.de\/"},{"@type":"ListItem","position":2,"name":"Products","item":"https:\/\/www.exergia.de\/shop\/"},{"@type":"ListItem","position":3,"name":"Konstruktion + Design","item":"https:\/\/www.exergia.de\/product-category\/konstruktiondesign\/"},{"@type":"ListItem","position":4,"name":"Strandbeest &#8211; Bausatz"}]},{"@type":"WebSite","@id":"https:\/\/www.exergia.de\/#website","url":"https:\/\/www.exergia.de\/","name":"exergia","description":"Ideas in STEM and Energy","publisher":{"@id":"https:\/\/www.exergia.de\/#organization"},"potentialAction":[{"@type":"SearchAction","target":{"@type":"EntryPoint","urlTemplate":"https:\/\/www.exergia.de\/?s={search_term_string}"},"query-input":{"@type":"PropertyValueSpecification","valueRequired":true,"valueName":"search_term_string"}}],"inLanguage":"en-GB"},{"@type":"Organization","@id":"https:\/\/www.exergia.de\/#organization","name":"exergia","url":"https:\/\/www.exergia.de\/","logo":{"@type":"ImageObject","inLanguage":"en-GB","@id":"https:\/\/www.exergia.de\/#\/schema\/logo\/image\/","url":"https:\/\/www.exergia.de\/wp-content\/uploads\/2021\/08\/logo_exergia_new2.png","contentUrl":"https:\/\/www.exergia.de\/wp-content\/uploads\/2021\/08\/logo_exergia_new2.png","width":2500,"height":3200,"caption":"exergia"},"image":{"@id":"https:\/\/www.exergia.de\/#\/schema\/logo\/image\/"},"sameAs":["https:\/\/www.facebook.com\/exergiadotde","https:\/\/www.pinterest.de\/mobil0367","https:\/\/www.youtube.com\/user\/exergiaDOTde"]}]}},"_links":{"self":[{"href":"https:\/\/www.exergia.de\/english\/wp-json\/wp\/v2\/product\/19591","targetHints":{"allow":["GET"]}}],"collection":[{"href":"https:\/\/www.exergia.de\/english\/wp-json\/wp\/v2\/product"}],"about":[{"href":"https:\/\/www.exergia.de\/english\/wp-json\/wp\/v2\/types\/product"}],"wp:featuredmedia":[{"embeddable":true,"href":"https:\/\/www.exergia.de\/english\/wp-json\/wp\/v2\/media\/19593"}],"wp:attachment":[{"href":"https:\/\/www.exergia.de\/english\/wp-json\/wp\/v2\/media?parent=19591"}],"wp:term":[{"taxonomy":"product_brand","embeddable":true,"href":"https:\/\/www.exergia.de\/english\/wp-json\/wp\/v2\/product_brand?post=19591"},{"taxonomy":"product_cat","embeddable":true,"href":"https:\/\/www.exergia.de\/english\/wp-json\/wp\/v2\/product_cat?post=19591"},{"taxonomy":"product_tag","embeddable":true,"href":"https:\/\/www.exergia.de\/english\/wp-json\/wp\/v2\/product_tag?post=19591"}],"curies":[{"name":"wp","href":"https:\/\/api.w.org\/{rel}","templated":true}]}}